{"id":1935,"date":"2019-12-04T03:19:47","date_gmt":"2019-12-04T02:19:47","guid":{"rendered":"http:\/\/aviv-dresden.de\/?page_id=1935"},"modified":"2020-01-03T20:13:34","modified_gmt":"2020-01-03T19:13:34","slug":"datenschutz","status":"publish","type":"page","link":"https:\/\/aviv-dresden.de\/ru\/datenschutz\/","title":{"rendered":"\u0437\u0430\u0449\u0438\u0442\u0430 \u0434\u0430\u043d\u043d\u044b\u0445"},"content":{"rendered":"<p>Der Schutz und die Sicherheit Ihrer pers\u00f6nlichen Daten ist uns sehr wichtig. Es wird daher gebeten, diese im Folgenden ausgewiesene Erkl\u00e4rung \u00fcber den Umgang (Erhebung, Verarbeitung und Nutzung) mit Ihren pers\u00f6nlichen Daten aufmerksam zu lesen.<\/p>\n\n\n\n<p>Die Datenschutzbestimmungen kommen mit dem Besuch unserer Internetpr\u00e4senz, mit der Aufgabe einer Reservierung und mit der Anmeldung f\u00fcr den Erhalt unserer Newsletter zum Tragen. Mit der Aufgabe einer Reservierung oder der Anmeldung zum Newsletter erkl\u00e4ren Sie sich neben den Allgemeinen Gesch\u00e4ftsbedingungen zugleich mit den hier ausgewiesenen Bestimmungen einverstanden. Aviv Hotel verarbeitet Ihre pers\u00f6nlichen Daten, die beim Besuch unserer Webseiten erhoben werden, gem\u00e4\u00df den gesetzlichen Vorschriften, insbesondere nach Ma\u00dfgabe der EU Datenschutzgrundverordnung (DSGVO).<\/p>\n\n\n\n<p>Wir verwenden Ihre personenbezogenen Daten zu folgenden Zwecken: Um die von Ihnen gew\u00fcnschten Dienste wie z.B. Reservierungen oder Teilnahme an Gewinnspielen zu erbringen. Um unseren Verpflichtungen aus etwaigen zwischen Ihnen und uns geschlossenen Vertr\u00e4gen wie z.B. Zimmerreservierungen nachzukommen. Um Ihnen die Teilnahme an interaktiven Angeboten zu erm\u00f6glichen, sofern Sie dies w\u00fcnschen und um Sie \u00fcber \u00c4nderungen unserer Leistungen zu informieren, sofern Sie dies w\u00fcnschen.<\/p>\n\n\n\n<p>Kinder und Jugendliche unter 18 Jahren sollten nur mit vorheriger Zustimmung der Erziehungsberechtigten personenbezogene Daten an uns \u00fcbersenden.<\/p>\n\n\n\n<p>Verantwortlicher ist  Nadzeya Isakovich ,  Fl\u00fcgelweg 4-6 , 01157 Dresden, Telefon +49\/ (0) 0351 4387110 ,  E-Mail:&nbsp;<a href=\"mailto:zentrale@achat-hotels.com\">info@aviv-dresden.de<\/a><\/p>\n\n\n\n<p>Gesch\u00e4ftsf\u00fchrer:    Nadzeya Isakovich <\/p>\n\n\n\n<p>Unseren Datenschutzbeauftragten erreichen Sie unter der Adresse&nbsp;<a href=\"mailto:datenschutzbeauftragter@achat-hotels.com\">info@aviv-dresden.de<\/a>.<\/p>\n\n\n\n<p><strong>1. Erhebung, Verarbeitung und Nutzung personenbezogener Daten<\/strong><\/p>\n\n\n\n<ol class=\"wp-block-list\"><li><strong>Beim Besuch der Webseite<\/strong><\/li><\/ol>\n\n\n\n<p>Beim Aufrufen unserer Website&nbsp;<a href=\"http:\/\/www.achat-hotels.com\/\">www.aviv-dresden.de<\/a>&nbsp;werden durch den auf Ihrem Endger\u00e4t zum Einsatz kommenden Browser automatisch Informationen an den Server unserer Website gesendet. Diese Informationen werden tempor\u00e4r in einem sog. Logfile gespeichert. Folgende Informationen werden dabei ohne Ihr Zutun erfasst und bis zur automatisierten L\u00f6schung gespeichert:<\/p>\n\n\n\n<ul class=\"wp-block-list\"><li>IP-Adresse des anfragenden Rechners,<\/li><li>Datum und Uhrzeit des Zugriffs,<\/li><li>Name und URL der abgerufenen Datei,<\/li><li>Website, von der aus der Zugriff erfolgt (Referrer-URL),<\/li><li>verwendeter Browser und ggf. das Betriebssystem Ihres Rechners sowie der Name Ihres Access-Providers.<\/li><\/ul>\n\n\n\n<p>Die genannten Daten werden durch uns zu folgenden Zwecken verarbeitet:<\/p>\n\n\n\n<ul class=\"wp-block-list\"><li>Gew\u00e4hrleistung eines reibungslosen Verbindungsaufbaus der Website,<\/li><li>Gew\u00e4hrleistung einer komfortablen Nutzung unserer Website,<\/li><li>Auswertung der Systemsicherheit und -stabilit\u00e4t sowie<\/li><li>zu weiteren administrativen Zwecken.<\/li><\/ul>\n\n\n\n<p>Die Rechtsgrundlage f\u00fcr die Datenverarbeitung ist Art.&nbsp;6 Abs.&nbsp;1 S.&nbsp;1 lit.&nbsp;f DSGVO. Unser berechtigtes Interesse folgt aus oben aufgelisteten Zwecken zur Datenerhebung. In keinem Fall verwenden wir die erhobenen Daten zu dem Zweck, R\u00fcckschl\u00fcsse auf Ihre Person zu ziehen.<\/p>\n\n\n\n<p>Dar\u00fcber hinaus setzen wir beim Besuch unserer Website Cookies sowie Analysedienste ein. N\u00e4here Erl\u00e4uterungen dazu erhalten Sie unter den Ziff. 3 und 4 dieser Datenschutzerkl\u00e4rung.<\/p>\n\n\n\n<p><strong>1.2. Beim Buchungsverfahren<\/strong><\/p>\n\n\n\n<p>Um Ihnen ein Online-Buchungsverfahren zur Verf\u00fcgung zu stellen, ist die Hinzuziehung eines Dienstleisters erforderlich. Sofern eine Online-Buchung durchgef\u00fchrt wird, erfolgt diese auf den Seiten unseres Dienstleisters. Dabei handelt es sich um:<\/p>\n\n\n\n<p>caesar data &amp; software GmbH<\/p>\n\n\n\n<p>Hindelanger Str. 35<\/p>\n\n\n\n<p>87527 Sonthofen<\/p>\n\n\n\n<p>und<\/p>\n\n\n\n<p>Viato GmbH<\/p>\n\n\n\n<p>Burkheimer Str. e<\/p>\n\n\n\n<p>79111 Freiburg<\/p>\n\n\n\n<p>Der Dienstleister ist als Auftragsbearbeiter i.S.v. Art. 28 DSGVO f\u00fcr uns t\u00e4tig und durch entsprechende Vereinbarungen zum Schutz Ihrer Daten verpflichtet. Die Rechtsgrundlage f\u00fcr die Datenverarbeitung ist Art.&nbsp;6 Abs.&nbsp;1 S.&nbsp;1 lit.&nbsp;b DSGVO. Folgende Daten von ihnen werden zur Durchf\u00fchrung einer Buchung ben\u00f6tigt:<\/p>\n\n\n\n<ul class=\"wp-block-list\"><li>Name,<\/li><li>Adresse,<\/li><li>Rechnungsanschrift,<\/li><li>E-Mail-Adresse,<\/li><li>sonstige Kontaktinformationen wie Telefonnummern,<\/li><li>Daten \u00fcber das Zahlungsmittel \u2013 insbesondere die Kreditkartennummer und die Dauer der G\u00fcltigkeit der Kreditkarte.<\/li><\/ul>\n\n\n\n<p>Die Speicherung der Kreditkartendaten dient ausschlie\u00dflich dem Zweck, die vorgenommene Buchung zu sichern, eine Anzahlung zu leisten oder eine Stornierung durchzuf\u00fchren. Eine Weitergabe Ihrer Daten an das Kreditkartenunternehmen erfolgt ausschlie\u00dflich zu Abrechnungszwecken.<\/p>\n\n\n\n<p><strong>1.3 Bei der Anmeldung zum Newsletter<\/strong><\/p>\n\n\n\n<p>Damit Sie stets \u00fcber Neuigkeiten, aktuelle Ereignisse und besondere Angebote aus der Welt der Aviv Hotel informiert werden, haben Sie die M\u00f6glichkeit, sich f\u00fcr unseren Newsletter anzumelden. Der Newsletter erscheint ungef\u00e4hr alle zwei Monate.<\/p>\n\n\n\n<p>Sofern Sie nach Art.&nbsp;6 Abs.&nbsp;1 S.&nbsp;1 lit.&nbsp;a DSGVO ausdr\u00fccklich eingewilligt haben, verwenden wir Ihre E-Mail-Adresse daf\u00fcr, Ihnen regelm\u00e4\u00dfig unseren Newsletter oder unsere Pressemitteilungen zu \u00fcbersenden. Um den Newsletter oder die Pressemitteilungen zu abonnieren, m\u00fcssen Sie Aviv Hotel Ihre E-Mail-Adresse mitteilen. Bis auf die Angabe Ihrer E-Mail-Adresse ist es Ihnen jedoch auch m\u00f6glich, den Newsletter oder die Pressemitteilungen unter Angabe eines Pseudonyms zu beziehen. Neben der E-Mail-Adresse werden keine weiteren Informationen von Ihnen gespeichert, es sei denn Sie stellen uns diese freiwillig zum Bezug besonderer Newsletter- oder Presse-Dienste oder zur Verbesserung unserer Angebote zur Verf\u00fcgung. Auf den Server hat nur eine kleine Gruppe von besonders befugten Personen Zugriff. Diese Daten werden nicht an Dritte weitergegeben!<\/p>\n\n\n\n<p><strong>1.4 Bei Nutzung unserer Kontaktangebote<\/strong><\/p>\n\n\n\n<p>Bei Fragen jeglicher Art bieten wir Ihnen die M\u00f6glichkeit, mit uns \u00fcber auf der Website bereitgestellte Formulare Kontakt aufzunehmen. Dabei ist die Angabe einer g\u00fcltigen E-Mail-Adresse erforderlich, damit wir wissen, von wem die Anfrage stammt und um diese beantworten zu k\u00f6nnen. Weitere Angaben k\u00f6nnen freiwillig get\u00e4tigt werden.<\/p>\n\n\n\n<p>Die Datenverarbeitung zum Zwecke der Kontaktaufnahme mit uns erfolgt nach Art. 6 Abs. 1 S. 1 lit. a DSGVO auf Grundlage Ihrer freiwillig erteilten Einwilligung.<\/p>\n\n\n\n<p><strong>1.5 L\u00f6schung<\/strong><\/p>\n\n\n\n<p>Sollten Sie auf anderem Weg von unserem Unternehmen kontaktiert werden oder Informationen erhalten, dann ist die Rechtsgrundlage f\u00fcr die dabei erfolgte Datenverarbeitung Art. 6 Abs. 1 S. 1 lit. f DSGVO. Wenn Sie dies w\u00fcnschen, werden wir Ihre Daten jederzeit l\u00f6schen, sofern wir nicht gesetzlich zur weiteren Aufbewahrung verpflichtet sind. Dazu gen\u00fcgt eine Aufforderung an&nbsp;<a href=\"mailto:zentrale@achat-hotels.com\">info@aviv-hotel.de<\/a>. Die Abmeldung Vom Newsletter oder von anderen Informationsdiensten unseres Hauses ist jederzeit m\u00f6glich, zum Beispiel \u00fcber einen Link am Ende eines jeden Newsletter oder einer Pressemitteilung. Alternativ k\u00f6nnen Sie Ihren Abmeldewunsch gerne auch an&nbsp;<a href=\"mailto:datenschutzbeauftragter@achat-hotels.com\">info@aviv-hotel.de<\/a>&nbsp;per E-Mail senden. Die f\u00fcr die Benutzung der Kontaktformulare von uns erhobenen personenbezogenen Daten werden nach Erledigung der von Ihnen gestellten Anfrage automatisch gel\u00f6scht.<\/p>\n\n\n\n<p><strong>2. Weitergabe an Dritte<\/strong><\/p>\n\n\n\n<p>Eine \u00dcbermittlung Ihrer pers\u00f6nlichen Daten an Dritte zu anderen als den im Folgenden aufgef\u00fchrten Zwecken findet nicht statt.<\/p>\n\n\n\n<p>Wir geben Ihre pers\u00f6nlichen Daten nur an Dritte weiter, wenn:<\/p>\n\n\n\n<ul class=\"wp-block-list\"><li>Sie Ihre nach Art.&nbsp;6 Abs.&nbsp;1 S.&nbsp;1 lit.&nbsp;a DSGVO ausdr\u00fcckliche Einwilligung dazu erteilt haben,<\/li><li>f\u00fcr den Fall, dass f\u00fcr die Weitergabe nach Art.&nbsp;6 Abs.&nbsp;1 S.&nbsp;1 lit.&nbsp;c DSGVO eine gesetzliche Verpflichtung besteht sowie<\/li><li>dies gesetzlich zul\u00e4ssig und nach Art.&nbsp;6 Abs.&nbsp;1 S.&nbsp;1 lit.&nbsp;b DSGVO f\u00fcr die Abwicklung von Vertragsverh\u00e4ltnissen mit Ihnen erforderlich ist.<\/li><\/ul>\n\n\n\n<p>Die Aviv Hotel Webseiten enthalten Links zu Webseiten von Drittanbietern. Wenn Sie auf solche Links klicken, verlassen Sie die Aviv Hotel Webseite. Diese Seiten oder deren Datenschutzma\u00dfnahmen, die von den Aviv Hotel-Datenschutzma\u00dfnahmen abweichen k\u00f6nnen, unterliegen nicht der Kontrolle von Aviv Hotel. Wir sind nicht f\u00fcr Informationen oder Inhalte auf Webseiten von Drittanbietern verantwortlich. Personenbezogene Daten, die Sie an Drittanbieter weitergeben, fallen nicht unter die Aviv Hotel-Datenschutzerkl\u00e4rung. Wir empfehlen Ihnen deshalb, die Datenschutzbestimmungen jedes Unternehmens sorgf\u00e4ltig zu lesen, bevor Sie personenbezogene Daten an dieses weitergeben.<\/p>\n\n\n\n<p><strong>3. Verwendung von Cookies<\/strong><\/p>\n\n\n\n<p>Um den Funktionsumfang unseres Internetangebotes zu erweitern und die Nutzung f\u00fcr Sie komfortabler zu gestalten, verwenden wir auf einigen unserer Seiten so genannte \u201eCookies&#8220;. Mit Hilfe dieser \u201eCookies&#8220; k\u00f6nnen bei dem Aufruf unserer Webseite Daten auf Ihrem Rechner gespeichert werden. Diese Cookies werden nach einer jeweils definierten Zeit automatisch gel\u00f6scht. Die durch Cookies verarbeiteten Daten sind f\u00fcr die genannten Zwecke zur Wahrung unserer berechtigten Interessen sowie der Dritter nach Art.&nbsp;6 Abs.&nbsp;1 S.&nbsp;1 lit.&nbsp;f DSGVO erforderlich. Wenn Sie auf die Vorteile dieser Cookies verzichten wollen, k\u00f6nnen Sie in der Hilfe-Funktion Ihres Browsers nachlesen, wie Sie Ihren Browser einstellen m\u00fcssen, um diesen davon abzuhalten, neue Cookies zu akzeptieren oder bereits vorhandene Cookies zu l\u00f6schen. Dort erfahren Sie auch, wie Sie Ihren Browser f\u00fcr alle neuen Cookies sperren k\u00f6nnen oder welche Einstellungen Sie vornehmen m\u00fcssen, um einen Hinweis auf neue Cookies zu erhalten.<\/p>\n\n\n\n<p><strong>4. Einsatz von Google Analytics<\/strong><\/p>\n\n\n\n<p>Diese Website benutzt Google Analytics, einen Webanalysedienst der Google Inc. (<a href=\"https:\/\/www.google.de\/intl\/de\/about\/\">https:\/\/www.google.de\/intl\/de\/about\/<\/a>,&nbsp; Anschrift: 1600 Amphitheatre Parkway, Mountain View, CA 94043, USA; im Folgenden \u201eGoogle\u201c). Google Analytics verwendet sogenannte \u201eCookies\u201c, Textdateien, die auf Ihrem Computer gespeichert werden und die eine Analyse der Benutzung der Website durch Sie erm\u00f6glichen. Die durch die Cookies erzeugten Informationen \u00fcber Ihre Benutzung dieser Website werden in der Regel an einen Server von Google in den USA \u00fcbertragen und dort gespeichert. Sie k\u00f6nnen die Speicherung der Cookies auch durch eine entsprechende Einstellung Ihrer Browser-Software verhindern; wir weisen Sie jedoch darauf hin, dass Sie in diesem Fall gegebenenfalls nicht s\u00e4mtliche Funktionen dieser Website vollumf\u00e4nglich werden nutzen k\u00f6nnen. Sie k\u00f6nnen dar\u00fcber hinaus die Erfassung der durch das Cookie erzeugten und auf Ihre Nutzung der Website bezogenen Daten (inkl. Ihrer IP-Adresse) an Google sowie die Verarbeitung dieser Daten durch Google verhindern, indem sie das unter dem folgenden Link verf\u00fcgbare Browser-Plugin herunterladen und installieren:&nbsp;<a href=\"http:\/\/tools.google.com\/dlpage\/gaoptout\">http:\/\/tools.google.com\/dlpage\/gaoptout<\/a>.&nbsp;Die Nutzer k\u00f6nnen weiterhin die Erfassung durch Google Analytics verhindern, indem Sie auf folgenden Link klicken. Es wird ein Opt-Out-Cookie gesetzt, das die zuk\u00fcnftige Erfassung Ihrer Daten beim Besuch dieser Website verhindert:&nbsp;Google Analytics deaktivieren.<\/p>\n\n\n\n<p>Die IP-Anonymisierung ist auf dieser Website aktiv. Daher wird Ihre IP-Adresse von Google innerhalb von Mitgliedstaaten der Europ\u00e4ischen Union oder in anderen Vertragsstaaten des Abkommens \u00fcber den Europ\u00e4ischen Wirtschaftsraum zuvor gek\u00fcrzt. Nur in Ausnahmef\u00e4llen wird die volle IP-Adresse an einen Server von Google in den USA \u00fcbertragen und dort gek\u00fcrzt. Im Auftrag des Betreibers dieser Website wird Google diese Informationen benutzen, um Ihre Nutzung der Website auszuwerten, um Reports \u00fcber die Websiteaktivit\u00e4ten zusammenzustellen und um weitere mit der Websitenutzung und der Internetnutzung verbundene Dienstleistungen gegen\u00fcber dem Websitebetreiber zu erbringen. Die im Rahmen von Google Analytics von Ihrem Browser \u00fcbermittelte IP-Adresse wird nicht mit anderen Daten von Google zusammengef\u00fchrt. In diesen Zwecken liegt auch unser berechtigtes Interesse an der Datenverarbeitung. Die Rechtsgrundlage f\u00fcr den Einsatz von Google Analytics ist \u00a7 15 Abs. 3 TMG bzw. Art. 6 Abs. 1 lit. f DSGVO. Die von uns gesendeten und mit Cookies, Nutzerkennungen (z. B. User-ID) oder Werbe-IDs verkn\u00fcpften Daten werden nach 14 Monaten automatisch gel\u00f6scht. Die L\u00f6schung von Daten, deren Aufbewahrungsdauer erreicht ist, erfolgt automatisch einmal im Monat.<\/p>\n\n\n\n<p>Weitere Informationen zur Datennutzung zu Werbezwecken durch Google, Einstellungs- und Widerspruchsm\u00f6glichkeiten erfahren Sie auf den Webseiten von Google:&nbsp;<a href=\"https:\/\/policies.google.com\/?hl=de%3c\/a%3e.%3c\/p\">https:\/\/policies.google.com\/?hl=de&lt;\/a&gt;.&lt;\/p&gt;<\/a>,&nbsp;<a href=\"https:\/\/www.google.com\/intl\/de\/policies\/privacy\/partners\/\">https:\/\/www.google.com\/intl\/de\/policies\/privacy\/partners\/<\/a>&nbsp;(\u201eDatennutzung durch Google bei Ihrer Nutzung von Websites oder Apps unserer Partner\u201c),&nbsp;<a href=\"http:\/\/www.google.com\/policies\/technologies\/ads\">http:\/\/www.google.com\/policies\/technologies\/ads<\/a>&nbsp;(\u201eDatennutzung zu Werbezwecken\u201c),&nbsp;<a href=\"http:\/\/www.google.de\/settings\/ads\">http:\/\/www.google.de\/settings\/ads<\/a>&nbsp;(\u201eInformationen verwalten, die Google verwendet, um Ihnen Werbung einzublenden\u201c) und&nbsp;<a href=\"http:\/\/www.google.com\/ads\/preferences\/\">http:\/\/www.google.com\/ads\/preferences\/<\/a>&nbsp;(\u201eBestimmen Sie, welche Werbung Google Ihnen zeigt\u201c). Weitere Informationen zum Datenschutz im Zusammenhang mit Google Analytics finden Sie etwa in der Google Analytics-Hilfe&nbsp;<a href=\"https:\/\/support.google.com\/analytics\/answer\/6004245?hl=de\">(https:\/\/support.google.com\/analytics\/answer\/6004245?hl=de)<\/a>.<\/p>\n\n\n\n<p><strong>5. Nutzung des Besucheraktions-Pixels von Facebook<\/strong><\/p>\n\n\n\n<p>Diese Website benutzt das Besucheraktions-Pixel von<br>Facebook Inc.<br>1601 S. California Ave,<br>Palo Alto, CA 94304, USA<br>(\u201cFacebook\u201d).<\/p>\n\n\n\n<p>So kann das Verhalten von Nutzern nachverfolgt werden, nachdem diese durch Klick auf eine Facebook-Werbeanzeige auf die Website des Anbieters weitergeleitet wurden. Dieses Verfahren dient dazu, die Wirksamkeit der Facebook-Werbeanzeigen f\u00fcr statistische und Marktforschungszwecke auszuwerten und kann dazu beitragen, zuk\u00fcnftige Werbema\u00dfnahmen zu optimieren. Die erhobenen Daten sind f\u00fcr uns anonym, bieten uns also keine R\u00fcckschl\u00fcsse auf die Identit\u00e4t der Nutzer. Allerdings werden die Daten von Facebook gespeichert und verarbeitet, sodass eine Verbindung zum jeweiligen Nutzerprofil m\u00f6glich ist und Facebook die Daten f\u00fcr eigene Werbezwecke, entsprechend der Facebook-Datenverwendungsrichtlinie (<a href=\"https:\/\/www.facebook.com\/about\/privacy\/\">https:\/\/www.facebook.com\/about\/privacy\/<\/a>) verwenden kann. Sie k\u00f6nnen Facebook sowie dessen Partnern das Schalten von Werbeanzeigen auf und au\u00dferhalb von Facebook erm\u00f6glichen. Es kann ferner zu diesen Zwecken ein Cookie auf Ihrem Rechner gespeichert werden.<\/p>\n\n\n\n<p><strong>6. Sicherheit<\/strong><\/p>\n\n\n\n<p>Aviv Hotel setzt technische und organisatorische Sicherheitsma\u00dfnahmen ein, um Ihre durch uns verwalteten Daten gegen zuf\u00e4llige oder vors\u00e4tzliche Manipulationen, Verlust, Zerst\u00f6rung oder gegen den Zugriff unberechtigter Personen zu sch\u00fctzen. Unsere Sicherheitsma\u00dfnahmen werden entsprechend der technologischen Entwicklung fortlaufend verbessert.<\/p>\n\n\n\n<p><strong>7. Betroffenenrechte<\/strong><\/p>\n\n\n\n<p>Sie haben das Recht:<\/p>\n\n\n\n<ul class=\"wp-block-list\"><li>gem\u00e4\u00df Art. 15 DSGVO Auskunft \u00fcber Ihre von uns verarbeiteten personenbezogenen Daten zu verlangen. Insbesondere k\u00f6nnen Sie Auskunft \u00fcber die Verarbeitungszwecke, die Kategorie der personenbezogenen Daten, die Kategorien von Empf\u00e4ngern, gegen\u00fcber denen Ihre Daten offengelegt wurden oder werden, die geplante Speicherdauer, das Bestehen eines Rechts auf Berichtigung, L\u00f6schung, Einschr\u00e4nkung der Verarbeitung oder Widerspruch, das Bestehen eines Beschwerderechts, die Herkunft ihrer Daten, sofern diese nicht bei uns erhoben wurden, sowie \u00fcber das Bestehen einer automatisierten Entscheidungsfindung einschlie\u00dflich Profiling und ggf. aussagekr\u00e4ftigen Informationen zu deren Einzelheiten verlangen;<\/li><li>gem\u00e4\u00df Art. 16 DSGVO unverz\u00fcglich die Berichtigung unrichtiger oder Vervollst\u00e4ndigung Ihrer bei uns gespeicherten personenbezogenen Daten zu verlangen;<\/li><li>gem\u00e4\u00df Art. 17 DSGVO die L\u00f6schung Ihrer bei uns gespeicherten personenbezogenen Daten zu verlangen, soweit nicht die Verarbeitung zur Aus\u00fcbung des Rechts auf freie Meinungs\u00e4u\u00dferung und Information, zur Erf\u00fcllung einer rechtlichen Verpflichtung, aus Gr\u00fcnden des \u00f6ffentlichen Interesses oder zur Geltendmachung, Aus\u00fcbung oder Verteidigung von Rechtsanspr\u00fcchen erforderlich ist;<\/li><li>gem\u00e4\u00df Art. 18 DSGVO die Einschr\u00e4nkung der Verarbeitung Ihrer personenbezogenen Daten zu verlangen, soweit die Richtigkeit der Daten von Ihnen bestritten wird, die Verarbeitung unrechtm\u00e4\u00dfig ist, Sie aber deren L\u00f6schung ablehnen und wir die Daten nicht mehr ben\u00f6tigen, Sie jedoch diese zur Geltendmachung, Aus\u00fcbung oder Verteidigung von Rechtsanspr\u00fcchen ben\u00f6tigen oder Sie gem\u00e4\u00df Art. 21 DSGVO Widerspruch gegen die Verarbeitung eingelegt haben;<\/li><li>gem\u00e4\u00df Art. 20 DSGVO Ihre personenbezogenen Daten, die Sie uns bereitgestellt haben, in einem strukturierten, g\u00e4ngigen und maschinenlesebaren Format zu erhalten oder die \u00dcbermittlung an einen anderen Verantwortlichen zu verlangen;<\/li><li>gem\u00e4\u00df Art. 7 Abs. 3 DSGVO Ihre einmal erteilte Einwilligung jederzeit gegen\u00fcber uns zu widerrufen. Dies hat zur Folge, dass wir die Datenverarbeitung, die auf dieser Einwilligung beruhte, f\u00fcr die Zukunft nicht mehr fortf\u00fchren d\u00fcrfen und<\/li><li>gem\u00e4\u00df Art. 77 DSGVO sich bei einer Aufsichtsbeh\u00f6rde zu beschweren. In der Regel k\u00f6nnen Sie sich hierf\u00fcr an die Aufsichtsbeh\u00f6rde Ihres \u00fcblichen Aufenthaltsortes oder Arbeitsplatzes oder unseres Unternehmenssitzes wenden.<\/li><\/ul>\n\n\n\n<p>Sofern Ihre personenbezogenen Daten auf Grundlage von berechtigten Interessen gem\u00e4\u00df Art. 6 Abs. 1 S. 1 lit. f DSGVO verarbeitet werden, haben Sie das Recht, gem\u00e4\u00df Art. 21 DSGVO Widerspruch gegen die Verarbeitung Ihrer personenbezogenen Daten einzulegen, soweit daf\u00fcr Gr\u00fcnde vorliegen, die sich aus Ihrer besonderen Situation ergeben oder sich der Widerspruch gegen Direktwerbung richtet. Im letzteren Fall haben Sie ein generelles Widerspruchsrecht, das ohne Angabe einer besonderen Situation von uns umgesetzt wird. M\u00f6chten Sie von Ihrem Widerrufs- oder Widerspruchsrecht Gebrauch machen, gen\u00fcgt eine E-Mail an&nbsp;&nbsp;&nbsp;&nbsp;&nbsp;&nbsp;&nbsp;<a href=\"mailto:datenschutzbeauftragter@achat-hotels.com\">info@aviv-hotel.de<\/a>.<\/p>\n\n\n\n<p><strong>8. Aktualit\u00e4t und \u00c4nderung der Datenschutzerkl\u00e4rung<\/strong><\/p>\n\n\n\n<p>Diese Datenschutzerkl\u00e4rung ist aktuell g\u00fcltig und hat den Stand Dezember 2019. Aviv Hotel beh\u00e4lt sich das Recht vor, diese Datenschutzerkl\u00e4rung jederzeit unter Beachtung der geltenden Datenschutzbestimmungen zu \u00e4ndern. F\u00fcr den Fall der \u00c4nderung werden wir die \u00fcberarbeitete Version der Erkl\u00e4rung ins Netz stellen, sodass Sie hier stets die aktuell geltende Version finden.<\/p>","protected":false},"excerpt":{"rendered":"<p>Der Schutz und die Sicherheit Ihrer pers\u00f6nlichen Daten ist uns sehr wichtig. Es wird daher gebeten, diese im Folgenden ausgewiesene Erkl\u00e4rung \u00fcber den Umgang (Erhebung, Verarbeitung und Nutzung) mit Ihren pers\u00f6nlichen Daten aufmerksam zu lesen. Die Datenschutzbestimmungen kommen mit dem [&hellip;]<\/p>","protected":false},"author":1,"featured_media":0,"parent":0,"menu_order":0,"comment_status":"closed","ping_status":"closed","template":"","meta":{"footnotes":""},"class_list":["post-1935","page","type-page","status-publish","hentry"],"_links":{"self":[{"href":"https:\/\/aviv-dresden.de\/ru\/wp-json\/wp\/v2\/pages\/1935","targetHints":{"allow":["GET"]}}],"collection":[{"href":"https:\/\/aviv-dresden.de\/ru\/wp-json\/wp\/v2\/pages"}],"about":[{"href":"https:\/\/aviv-dresden.de\/ru\/wp-json\/wp\/v2\/types\/page"}],"author":[{"embeddable":true,"href":"https:\/\/aviv-dresden.de\/ru\/wp-json\/wp\/v2\/users\/1"}],"replies":[{"embeddable":true,"href":"https:\/\/aviv-dresden.de\/ru\/wp-json\/wp\/v2\/comments?post=1935"}],"version-history":[{"count":5,"href":"https:\/\/aviv-dresden.de\/ru\/wp-json\/wp\/v2\/pages\/1935\/revisions"}],"predecessor-version":[{"id":1946,"href":"https:\/\/aviv-dresden.de\/ru\/wp-json\/wp\/v2\/pages\/1935\/revisions\/1946"}],"wp:attachment":[{"href":"https:\/\/aviv-dresden.de\/ru\/wp-json\/wp\/v2\/media?parent=1935"}],"curies":[{"name":"wp","href":"https:\/\/api.w.org\/{rel}","templated":true}]}}